{"id":9,"date":"2022-11-09T04:57:49","date_gmt":"2022-11-09T04:57:49","guid":{"rendered":"https:\/\/argostrekking.com\/?page_id=9"},"modified":"2025-03-25T10:43:49","modified_gmt":"2025-03-25T10:43:49","slug":"about","status":"publish","type":"page","link":"https:\/\/argostrekking.com\/fr\/about\/","title":{"rendered":"\u00c0 propos"},"content":{"rendered":"<p>Bienvenue chez Argos Trekking Nepal, l\u00e0 o\u00f9 votre aventure commence ! Nous sommes une agence de voyages sp\u00e9cialis\u00e9e dans les trekkings et voyages inoubliables au c\u0153ur du N\u00e9pal.<\/p>\n<p>Avec des ann\u00e9es d\u2019expertise, nous proposons des randonn\u00e9es sur mesure, des visites culturelles et des exp\u00e9ditions guid\u00e9es vers certaines des destinations les plus \u00e9poustouflantes du monde.<\/p>\n<p>Notre \u00e9quipe de professionnels passionn\u00e9s s'engage \u00e0 vous offrir des exp\u00e9riences s\u00fbres, m\u00e9morables et enrichissantes, garantissant que votre voyage \u00e0 travers le N\u00e9pal soit tout simplement spectaculaire.<\/p>\n<p>&nbsp;<\/p>","protected":false},"excerpt":{"rendered":"<p>Welcome to Argos Trekking Nepal, where your adventure begins! We are a dedicated travel agency specializing in unforgettable trekking and travel experiences in the heart of Nepal. With years of expertise, we offer tailored treks, cultural tours, and guided expeditions to some of the world\u2019s most breathtaking destinations. Our team of passionate professionals is committed [&hellip;]<\/p>\n","protected":false},"author":1,"featured_media":30,"parent":0,"menu_order":0,"comment_status":"closed","ping_status":"closed","template":"page-about.php","meta":{"_acf_changed":false,"footnotes":""},"class_list":["post-9","page","type-page","status-publish","has-post-thumbnail","hentry"],"acf":[],"yoast_head":"<!-- This site is optimized with the Yoast SEO plugin v27.0 - https:\/\/yoast.com\/product\/yoast-seo-wordpress\/ -->\n<title>About Us | - Argos Trekking Nepal -<\/title>\n<meta name=\"robots\" content=\"index, follow, max-snippet:-1, max-image-preview:large, max-video-preview:-1\" \/>\n<link rel=\"canonical\" href=\"https:\/\/argostrekking.com\/fr\/about\/\" \/>\n<meta property=\"og:locale\" content=\"fr_FR\" \/>\n<meta property=\"og:type\" content=\"article\" \/>\n<meta property=\"og:title\" content=\"About Us | - Argos Trekking Nepal -\" \/>\n<meta property=\"og:description\" content=\"Welcome to Argos Trekking Nepal, where your adventure begins! We are a dedicated travel agency specializing in unforgettable trekking and travel experiences in the heart of Nepal. With years of expertise, we offer tailored treks, cultural tours, and guided expeditions to some of the world\u2019s most breathtaking destinations. Our team of passionate professionals is committed [&hellip;]\" \/>\n<meta property=\"og:url\" content=\"https:\/\/argostrekking.com\/fr\/about\/\" \/>\n<meta property=\"og:site_name\" content=\"- Argos Trekking Nepal -\" \/>\n<meta property=\"article:modified_time\" content=\"2025-03-25T10:43:49+00:00\" \/>\n<meta property=\"og:image\" content=\"https:\/\/argostrekking.com\/wp-content\/uploads\/2022\/11\/banner.png\" \/>\n\t<meta property=\"og:image:width\" content=\"1078\" \/>\n\t<meta property=\"og:image:height\" content=\"712\" \/>\n\t<meta property=\"og:image:type\" content=\"image\/png\" \/>\n<meta name=\"twitter:card\" content=\"summary_large_image\" \/>\n<script type=\"application\/ld+json\" class=\"yoast-schema-graph\">{\"@context\":\"https:\/\/schema.org\",\"@graph\":[{\"@type\":\"WebPage\",\"@id\":\"https:\/\/argostrekking.com\/about\/\",\"url\":\"https:\/\/argostrekking.com\/about\/\",\"name\":\"About Us | - Argos Trekking Nepal -\",\"isPartOf\":{\"@id\":\"https:\/\/argostrekking.com\/#website\"},\"primaryImageOfPage\":{\"@id\":\"https:\/\/argostrekking.com\/about\/#primaryimage\"},\"image\":{\"@id\":\"https:\/\/argostrekking.com\/about\/#primaryimage\"},\"thumbnailUrl\":\"https:\/\/argostrekking.com\/wp-content\/uploads\/2022\/11\/banner.png\",\"datePublished\":\"2022-11-09T04:57:49+00:00\",\"dateModified\":\"2025-03-25T10:43:49+00:00\",\"breadcrumb\":{\"@id\":\"https:\/\/argostrekking.com\/about\/#breadcrumb\"},\"inLanguage\":\"fr-FR\",\"potentialAction\":[{\"@type\":\"ReadAction\",\"target\":[\"https:\/\/argostrekking.com\/about\/\"]}]},{\"@type\":\"ImageObject\",\"inLanguage\":\"fr-FR\",\"@id\":\"https:\/\/argostrekking.com\/about\/#primaryimage\",\"url\":\"https:\/\/argostrekking.com\/wp-content\/uploads\/2022\/11\/banner.png\",\"contentUrl\":\"https:\/\/argostrekking.com\/wp-content\/uploads\/2022\/11\/banner.png\",\"width\":1078,\"height\":712},{\"@type\":\"BreadcrumbList\",\"@id\":\"https:\/\/argostrekking.com\/about\/#breadcrumb\",\"itemListElement\":[{\"@type\":\"ListItem\",\"position\":1,\"name\":\"Home\",\"item\":\"https:\/\/argostrekking.com\/\"},{\"@type\":\"ListItem\",\"position\":2,\"name\":\"About Us\"}]},{\"@type\":\"WebSite\",\"@id\":\"https:\/\/argostrekking.com\/#website\",\"url\":\"https:\/\/argostrekking.com\/\",\"name\":\"Argos Trekking Nepal\",\"description\":\"Trusted Treks. Unforgettable Experiences\",\"publisher\":{\"@id\":\"https:\/\/argostrekking.com\/#organization\"},\"potentialAction\":[{\"@type\":\"SearchAction\",\"target\":{\"@type\":\"EntryPoint\",\"urlTemplate\":\"https:\/\/argostrekking.com\/?s={search_term_string}\"},\"query-input\":{\"@type\":\"PropertyValueSpecification\",\"valueRequired\":true,\"valueName\":\"search_term_string\"}}],\"inLanguage\":\"fr-FR\"},{\"@type\":\"Organization\",\"@id\":\"https:\/\/argostrekking.com\/#organization\",\"name\":\"Argos Trekking Nepal\",\"url\":\"https:\/\/argostrekking.com\/\",\"logo\":{\"@type\":\"ImageObject\",\"inLanguage\":\"fr-FR\",\"@id\":\"https:\/\/argostrekking.com\/#\/schema\/logo\/image\/\",\"url\":\"https:\/\/argostrekking.com\/wp-content\/uploads\/2026\/02\/Argoslogo.png\",\"contentUrl\":\"https:\/\/argostrekking.com\/wp-content\/uploads\/2026\/02\/Argoslogo.png\",\"width\":1000,\"height\":405,\"caption\":\"Argos Trekking Nepal\"},\"image\":{\"@id\":\"https:\/\/argostrekking.com\/#\/schema\/logo\/image\/\"}}]}<\/script>\n<!-- \/ Yoast SEO plugin. -->","yoast_head_json":{"title":"About Us | - Argos Trekking Nepal -","robots":{"index":"index","follow":"follow","max-snippet":"max-snippet:-1","max-image-preview":"max-image-preview:large","max-video-preview":"max-video-preview:-1"},"canonical":"https:\/\/argostrekking.com\/fr\/about\/","og_locale":"fr_FR","og_type":"article","og_title":"About Us | - Argos Trekking Nepal -","og_description":"Welcome to Argos Trekking Nepal, where your adventure begins! We are a dedicated travel agency specializing in unforgettable trekking and travel experiences in the heart of Nepal. With years of expertise, we offer tailored treks, cultural tours, and guided expeditions to some of the world\u2019s most breathtaking destinations. Our team of passionate professionals is committed [&hellip;]","og_url":"https:\/\/argostrekking.com\/fr\/about\/","og_site_name":"- Argos Trekking Nepal -","article_modified_time":"2025-03-25T10:43:49+00:00","og_image":[{"width":1078,"height":712,"url":"https:\/\/argostrekking.com\/wp-content\/uploads\/2022\/11\/banner.png","type":"image\/png"}],"twitter_card":"summary_large_image","schema":{"@context":"https:\/\/schema.org","@graph":[{"@type":"WebPage","@id":"https:\/\/argostrekking.com\/about\/","url":"https:\/\/argostrekking.com\/about\/","name":"About Us | - Argos Trekking Nepal -","isPartOf":{"@id":"https:\/\/argostrekking.com\/#website"},"primaryImageOfPage":{"@id":"https:\/\/argostrekking.com\/about\/#primaryimage"},"image":{"@id":"https:\/\/argostrekking.com\/about\/#primaryimage"},"thumbnailUrl":"https:\/\/argostrekking.com\/wp-content\/uploads\/2022\/11\/banner.png","datePublished":"2022-11-09T04:57:49+00:00","dateModified":"2025-03-25T10:43:49+00:00","breadcrumb":{"@id":"https:\/\/argostrekking.com\/about\/#breadcrumb"},"inLanguage":"fr-FR","potentialAction":[{"@type":"ReadAction","target":["https:\/\/argostrekking.com\/about\/"]}]},{"@type":"ImageObject","inLanguage":"fr-FR","@id":"https:\/\/argostrekking.com\/about\/#primaryimage","url":"https:\/\/argostrekking.com\/wp-content\/uploads\/2022\/11\/banner.png","contentUrl":"https:\/\/argostrekking.com\/wp-content\/uploads\/2022\/11\/banner.png","width":1078,"height":712},{"@type":"BreadcrumbList","@id":"https:\/\/argostrekking.com\/about\/#breadcrumb","itemListElement":[{"@type":"ListItem","position":1,"name":"Home","item":"https:\/\/argostrekking.com\/"},{"@type":"ListItem","position":2,"name":"About Us"}]},{"@type":"WebSite","@id":"https:\/\/argostrekking.com\/#website","url":"https:\/\/argostrekking.com\/","name":"Argos Trekking Nepal","description":"Trusted Treks. Unforgettable Experiences","publisher":{"@id":"https:\/\/argostrekking.com\/#organization"},"potentialAction":[{"@type":"SearchAction","target":{"@type":"EntryPoint","urlTemplate":"https:\/\/argostrekking.com\/?s={search_term_string}"},"query-input":{"@type":"PropertyValueSpecification","valueRequired":true,"valueName":"search_term_string"}}],"inLanguage":"fr-FR"},{"@type":"Organization","@id":"https:\/\/argostrekking.com\/#organization","name":"Argos Trekking Nepal","url":"https:\/\/argostrekking.com\/","logo":{"@type":"ImageObject","inLanguage":"fr-FR","@id":"https:\/\/argostrekking.com\/#\/schema\/logo\/image\/","url":"https:\/\/argostrekking.com\/wp-content\/uploads\/2026\/02\/Argoslogo.png","contentUrl":"https:\/\/argostrekking.com\/wp-content\/uploads\/2026\/02\/Argoslogo.png","width":1000,"height":405,"caption":"Argos Trekking Nepal"},"image":{"@id":"https:\/\/argostrekking.com\/#\/schema\/logo\/image\/"}}]}},"_links":{"self":[{"href":"https:\/\/argostrekking.com\/fr\/wp-json\/wp\/v2\/pages\/9","targetHints":{"allow":["GET"]}}],"collection":[{"href":"https:\/\/argostrekking.com\/fr\/wp-json\/wp\/v2\/pages"}],"about":[{"href":"https:\/\/argostrekking.com\/fr\/wp-json\/wp\/v2\/types\/page"}],"author":[{"embeddable":true,"href":"https:\/\/argostrekking.com\/fr\/wp-json\/wp\/v2\/users\/1"}],"replies":[{"embeddable":true,"href":"https:\/\/argostrekking.com\/fr\/wp-json\/wp\/v2\/comments?post=9"}],"version-history":[{"count":11,"href":"https:\/\/argostrekking.com\/fr\/wp-json\/wp\/v2\/pages\/9\/revisions"}],"predecessor-version":[{"id":355,"href":"https:\/\/argostrekking.com\/fr\/wp-json\/wp\/v2\/pages\/9\/revisions\/355"}],"wp:featuredmedia":[{"embeddable":true,"href":"https:\/\/argostrekking.com\/fr\/wp-json\/wp\/v2\/media\/30"}],"wp:attachment":[{"href":"https:\/\/argostrekking.com\/fr\/wp-json\/wp\/v2\/media?parent=9"}],"curies":[{"name":"wp","href":"https:\/\/api.w.org\/{rel}","templated":true}]}}