{"id":11,"date":"2022-11-09T04:58:53","date_gmt":"2022-11-09T04:58:53","guid":{"rendered":"https:\/\/argostrekking.com\/?page_id=11"},"modified":"2025-03-25T10:31:04","modified_gmt":"2025-03-25T10:31:04","slug":"contact","status":"publish","type":"page","link":"https:\/\/argostrekking.com\/fr\/contact\/","title":{"rendered":"Contact"},"content":{"rendered":"<p>Nous sommes l\u00e0 pour r\u00e9aliser vos r\u00eaves de voyage\u00a0! Que vous ayez des questions sur nos destinations ou nos services, ou que vous ayez besoin d'aide pour planifier votre prochaine aventure, notre \u00e9quipe est l\u00e0 pour vous aider.<\/p>","protected":false},"excerpt":{"rendered":"<p>Nous sommes l\u00e0 pour r\u00e9aliser vos r\u00eaves de voyage\u00a0! Que vous ayez des questions sur nos destinations ou nos services, ou que vous ayez besoin d'aide pour planifier votre prochaine aventure, notre \u00e9quipe est l\u00e0 pour vous aider.<\/p>","protected":false},"author":1,"featured_media":30,"parent":0,"menu_order":0,"comment_status":"closed","ping_status":"closed","template":"page-contact.php","meta":{"_acf_changed":false,"footnotes":""},"class_list":["post-11","page","type-page","status-publish","has-post-thumbnail","hentry"],"acf":[],"yoast_head":"<!-- This site is optimized with the Yoast SEO plugin v27.0 - https:\/\/yoast.com\/product\/yoast-seo-wordpress\/ -->\n<title>Contact | - Argos Trekking Nepal -<\/title>\n<meta name=\"robots\" content=\"index, follow, max-snippet:-1, max-image-preview:large, max-video-preview:-1\" \/>\n<link rel=\"canonical\" href=\"https:\/\/argostrekking.com\/fr\/contact\/\" \/>\n<meta property=\"og:locale\" content=\"fr_FR\" \/>\n<meta property=\"og:type\" content=\"article\" \/>\n<meta property=\"og:title\" content=\"Contact | - Argos Trekking Nepal -\" \/>\n<meta property=\"og:description\" content=\"We\u2019re here to make your travel dreams come true! Whether you have questions about our destinations, services, or need help planning your next adventure, our team is ready to assist you.\" \/>\n<meta property=\"og:url\" content=\"https:\/\/argostrekking.com\/fr\/contact\/\" \/>\n<meta property=\"og:site_name\" content=\"- Argos Trekking Nepal -\" \/>\n<meta property=\"article:modified_time\" content=\"2025-03-25T10:31:04+00:00\" \/>\n<meta property=\"og:image\" content=\"https:\/\/argostrekking.com\/wp-content\/uploads\/2022\/11\/banner.png\" \/>\n\t<meta property=\"og:image:width\" content=\"1078\" \/>\n\t<meta property=\"og:image:height\" content=\"712\" \/>\n\t<meta property=\"og:image:type\" content=\"image\/png\" \/>\n<meta name=\"twitter:card\" content=\"summary_large_image\" \/>\n<script type=\"application\/ld+json\" class=\"yoast-schema-graph\">{\"@context\":\"https:\/\/schema.org\",\"@graph\":[{\"@type\":\"WebPage\",\"@id\":\"https:\/\/argostrekking.com\/contact\/\",\"url\":\"https:\/\/argostrekking.com\/contact\/\",\"name\":\"Contact | - Argos Trekking Nepal -\",\"isPartOf\":{\"@id\":\"https:\/\/argostrekking.com\/#website\"},\"primaryImageOfPage\":{\"@id\":\"https:\/\/argostrekking.com\/contact\/#primaryimage\"},\"image\":{\"@id\":\"https:\/\/argostrekking.com\/contact\/#primaryimage\"},\"thumbnailUrl\":\"https:\/\/argostrekking.com\/wp-content\/uploads\/2022\/11\/banner.png\",\"datePublished\":\"2022-11-09T04:58:53+00:00\",\"dateModified\":\"2025-03-25T10:31:04+00:00\",\"breadcrumb\":{\"@id\":\"https:\/\/argostrekking.com\/contact\/#breadcrumb\"},\"inLanguage\":\"fr-FR\",\"potentialAction\":[{\"@type\":\"ReadAction\",\"target\":[\"https:\/\/argostrekking.com\/contact\/\"]}]},{\"@type\":\"ImageObject\",\"inLanguage\":\"fr-FR\",\"@id\":\"https:\/\/argostrekking.com\/contact\/#primaryimage\",\"url\":\"https:\/\/argostrekking.com\/wp-content\/uploads\/2022\/11\/banner.png\",\"contentUrl\":\"https:\/\/argostrekking.com\/wp-content\/uploads\/2022\/11\/banner.png\",\"width\":1078,\"height\":712},{\"@type\":\"BreadcrumbList\",\"@id\":\"https:\/\/argostrekking.com\/contact\/#breadcrumb\",\"itemListElement\":[{\"@type\":\"ListItem\",\"position\":1,\"name\":\"Home\",\"item\":\"https:\/\/argostrekking.com\/\"},{\"@type\":\"ListItem\",\"position\":2,\"name\":\"Contact\"}]},{\"@type\":\"WebSite\",\"@id\":\"https:\/\/argostrekking.com\/#website\",\"url\":\"https:\/\/argostrekking.com\/\",\"name\":\"Argos Trekking Nepal\",\"description\":\"Trusted Treks. Unforgettable Experiences\",\"publisher\":{\"@id\":\"https:\/\/argostrekking.com\/#organization\"},\"potentialAction\":[{\"@type\":\"SearchAction\",\"target\":{\"@type\":\"EntryPoint\",\"urlTemplate\":\"https:\/\/argostrekking.com\/?s={search_term_string}\"},\"query-input\":{\"@type\":\"PropertyValueSpecification\",\"valueRequired\":true,\"valueName\":\"search_term_string\"}}],\"inLanguage\":\"fr-FR\"},{\"@type\":\"Organization\",\"@id\":\"https:\/\/argostrekking.com\/#organization\",\"name\":\"Argos Trekking Nepal\",\"url\":\"https:\/\/argostrekking.com\/\",\"logo\":{\"@type\":\"ImageObject\",\"inLanguage\":\"fr-FR\",\"@id\":\"https:\/\/argostrekking.com\/#\/schema\/logo\/image\/\",\"url\":\"https:\/\/argostrekking.com\/wp-content\/uploads\/2026\/02\/Argoslogo.png\",\"contentUrl\":\"https:\/\/argostrekking.com\/wp-content\/uploads\/2026\/02\/Argoslogo.png\",\"width\":1000,\"height\":405,\"caption\":\"Argos Trekking Nepal\"},\"image\":{\"@id\":\"https:\/\/argostrekking.com\/#\/schema\/logo\/image\/\"}}]}<\/script>\n<!-- \/ Yoast SEO plugin. -->","yoast_head_json":{"title":"Contact | - Argos Trekking Nepal -","robots":{"index":"index","follow":"follow","max-snippet":"max-snippet:-1","max-image-preview":"max-image-preview:large","max-video-preview":"max-video-preview:-1"},"canonical":"https:\/\/argostrekking.com\/fr\/contact\/","og_locale":"fr_FR","og_type":"article","og_title":"Contact | - Argos Trekking Nepal -","og_description":"We\u2019re here to make your travel dreams come true! Whether you have questions about our destinations, services, or need help planning your next adventure, our team is ready to assist you.","og_url":"https:\/\/argostrekking.com\/fr\/contact\/","og_site_name":"- Argos Trekking Nepal -","article_modified_time":"2025-03-25T10:31:04+00:00","og_image":[{"width":1078,"height":712,"url":"https:\/\/argostrekking.com\/wp-content\/uploads\/2022\/11\/banner.png","type":"image\/png"}],"twitter_card":"summary_large_image","schema":{"@context":"https:\/\/schema.org","@graph":[{"@type":"WebPage","@id":"https:\/\/argostrekking.com\/contact\/","url":"https:\/\/argostrekking.com\/contact\/","name":"Contact | - Argos Trekking Nepal -","isPartOf":{"@id":"https:\/\/argostrekking.com\/#website"},"primaryImageOfPage":{"@id":"https:\/\/argostrekking.com\/contact\/#primaryimage"},"image":{"@id":"https:\/\/argostrekking.com\/contact\/#primaryimage"},"thumbnailUrl":"https:\/\/argostrekking.com\/wp-content\/uploads\/2022\/11\/banner.png","datePublished":"2022-11-09T04:58:53+00:00","dateModified":"2025-03-25T10:31:04+00:00","breadcrumb":{"@id":"https:\/\/argostrekking.com\/contact\/#breadcrumb"},"inLanguage":"fr-FR","potentialAction":[{"@type":"ReadAction","target":["https:\/\/argostrekking.com\/contact\/"]}]},{"@type":"ImageObject","inLanguage":"fr-FR","@id":"https:\/\/argostrekking.com\/contact\/#primaryimage","url":"https:\/\/argostrekking.com\/wp-content\/uploads\/2022\/11\/banner.png","contentUrl":"https:\/\/argostrekking.com\/wp-content\/uploads\/2022\/11\/banner.png","width":1078,"height":712},{"@type":"BreadcrumbList","@id":"https:\/\/argostrekking.com\/contact\/#breadcrumb","itemListElement":[{"@type":"ListItem","position":1,"name":"Home","item":"https:\/\/argostrekking.com\/"},{"@type":"ListItem","position":2,"name":"Contact"}]},{"@type":"WebSite","@id":"https:\/\/argostrekking.com\/#website","url":"https:\/\/argostrekking.com\/","name":"Argos Trekking Nepal","description":"Trusted Treks. Unforgettable Experiences","publisher":{"@id":"https:\/\/argostrekking.com\/#organization"},"potentialAction":[{"@type":"SearchAction","target":{"@type":"EntryPoint","urlTemplate":"https:\/\/argostrekking.com\/?s={search_term_string}"},"query-input":{"@type":"PropertyValueSpecification","valueRequired":true,"valueName":"search_term_string"}}],"inLanguage":"fr-FR"},{"@type":"Organization","@id":"https:\/\/argostrekking.com\/#organization","name":"Argos Trekking Nepal","url":"https:\/\/argostrekking.com\/","logo":{"@type":"ImageObject","inLanguage":"fr-FR","@id":"https:\/\/argostrekking.com\/#\/schema\/logo\/image\/","url":"https:\/\/argostrekking.com\/wp-content\/uploads\/2026\/02\/Argoslogo.png","contentUrl":"https:\/\/argostrekking.com\/wp-content\/uploads\/2026\/02\/Argoslogo.png","width":1000,"height":405,"caption":"Argos Trekking Nepal"},"image":{"@id":"https:\/\/argostrekking.com\/#\/schema\/logo\/image\/"}}]}},"_links":{"self":[{"href":"https:\/\/argostrekking.com\/fr\/wp-json\/wp\/v2\/pages\/11","targetHints":{"allow":["GET"]}}],"collection":[{"href":"https:\/\/argostrekking.com\/fr\/wp-json\/wp\/v2\/pages"}],"about":[{"href":"https:\/\/argostrekking.com\/fr\/wp-json\/wp\/v2\/types\/page"}],"author":[{"embeddable":true,"href":"https:\/\/argostrekking.com\/fr\/wp-json\/wp\/v2\/users\/1"}],"replies":[{"embeddable":true,"href":"https:\/\/argostrekking.com\/fr\/wp-json\/wp\/v2\/comments?post=11"}],"version-history":[{"count":7,"href":"https:\/\/argostrekking.com\/fr\/wp-json\/wp\/v2\/pages\/11\/revisions"}],"predecessor-version":[{"id":353,"href":"https:\/\/argostrekking.com\/fr\/wp-json\/wp\/v2\/pages\/11\/revisions\/353"}],"wp:featuredmedia":[{"embeddable":true,"href":"https:\/\/argostrekking.com\/fr\/wp-json\/wp\/v2\/media\/30"}],"wp:attachment":[{"href":"https:\/\/argostrekking.com\/fr\/wp-json\/wp\/v2\/media?parent=11"}],"curies":[{"name":"wp","href":"https:\/\/api.w.org\/{rel}","templated":true}]}}